{"id":2555,"date":"2024-11-04T11:01:15","date_gmt":"2024-11-04T10:01:15","guid":{"rendered":"https:\/\/exxelim.be\/?page_id=2555"},"modified":"2024-11-06T14:50:30","modified_gmt":"2024-11-06T13:50:30","slug":"expert-etats-des-lieux-a-soumagne","status":"publish","type":"page","link":"https:\/\/exxelim.be\/index.php\/expert-etats-des-lieux-a-soumagne\/","title":{"rendered":"Expert \u00c9tats des Lieux \u00e0 Soumagne"},"content":{"rendered":"\t\t<div data-elementor-type=\"wp-page\" data-elementor-id=\"2555\" class=\"elementor elementor-2555\" data-elementor-post-type=\"page\">\n\t\t\t\t\t\t<section class=\"elementor-section elementor-top-section elementor-element elementor-element-4470e4f elementor-section-height-min-height elementor-section-boxed elementor-section-height-default elementor-section-items-middle\" data-id=\"4470e4f\" data-element_type=\"section\" data-e-type=\"section\" data-settings=\"{&quot;background_background&quot;:&quot;classic&quot;}\">\n\t\t\t\t\t\t\t<div class=\"elementor-background-overlay\"><\/div>\n\t\t\t\t\t\t\t<div class=\"elementor-container elementor-column-gap-default\">\n\t\t\t\t\t<div class=\"elementor-column elementor-col-100 elementor-top-column elementor-element elementor-element-a212b9e\" data-id=\"a212b9e\" data-element_type=\"column\" data-e-type=\"column\">\n\t\t\t<div class=\"elementor-widget-wrap elementor-element-populated\">\n\t\t\t\t\t\t<div class=\"elementor-element elementor-element-17c851e elementor-widget elementor-widget-heading\" data-id=\"17c851e\" data-element_type=\"widget\" data-e-type=\"widget\" data-widget_type=\"heading.default\">\n\t\t\t\t<div class=\"elementor-widget-container\">\n\t\t\t\t\t<h1 class=\"elementor-heading-title elementor-size-large\">Expert \u00c9tats des Lieux \u00e0 Soumagne<\/h1>\t\t\t\t<\/div>\n\t\t\t\t<\/div>\n\t\t\t\t<div class=\"elementor-element elementor-element-e80ea6b elementor-widget-divider--view-line elementor-widget elementor-widget-divider\" data-id=\"e80ea6b\" data-element_type=\"widget\" data-e-type=\"widget\" data-widget_type=\"divider.default\">\n\t\t\t\t<div class=\"elementor-widget-container\">\n\t\t\t\t\t\t\t<div class=\"elementor-divider\">\n\t\t\t<span class=\"elementor-divider-separator\">\n\t\t\t\t\t\t<\/span>\n\t\t<\/div>\n\t\t\t\t\t\t<\/div>\n\t\t\t\t<\/div>\n\t\t\t\t\t<\/div>\n\t\t<\/div>\n\t\t\t\t\t<\/div>\n\t\t<\/section>\n\t\t\t\t<section class=\"elementor-section elementor-top-section elementor-element elementor-element-1095961 elementor-section-boxed elementor-section-height-default elementor-section-height-default\" data-id=\"1095961\" data-element_type=\"section\" data-e-type=\"section\">\n\t\t\t\t\t\t<div class=\"elementor-container elementor-column-gap-default\">\n\t\t\t\t\t<div class=\"elementor-column elementor-col-100 elementor-top-column elementor-element elementor-element-678835b\" data-id=\"678835b\" data-element_type=\"column\" data-e-type=\"column\">\n\t\t\t<div class=\"elementor-widget-wrap elementor-element-populated\">\n\t\t\t\t\t\t<div class=\"elementor-element elementor-element-a040d3d elementor-widget elementor-widget-spacer\" data-id=\"a040d3d\" data-element_type=\"widget\" data-e-type=\"widget\" data-widget_type=\"spacer.default\">\n\t\t\t\t<div class=\"elementor-widget-container\">\n\t\t\t\t\t\t\t<div class=\"elementor-spacer\">\n\t\t\t<div class=\"elementor-spacer-inner\"><\/div>\n\t\t<\/div>\n\t\t\t\t\t\t<\/div>\n\t\t\t\t<\/div>\n\t\t\t\t<div class=\"elementor-element elementor-element-5c077d0 elementor-widget elementor-widget-heading\" data-id=\"5c077d0\" data-element_type=\"widget\" data-e-type=\"widget\" data-widget_type=\"heading.default\">\n\t\t\t\t<div class=\"elementor-widget-container\">\n\t\t\t\t\t<h2 class=\"elementor-heading-title elementor-size-default\">Expert \u00c9tats des Lieux \u00e0 Soumagne<\/h2>\t\t\t\t<\/div>\n\t\t\t\t<\/div>\n\t\t\t\t<div class=\"elementor-element elementor-element-d6a7f26 elementor-widget-divider--view-line elementor-widget elementor-widget-divider\" data-id=\"d6a7f26\" data-element_type=\"widget\" data-e-type=\"widget\" data-widget_type=\"divider.default\">\n\t\t\t\t<div class=\"elementor-widget-container\">\n\t\t\t\t\t\t\t<div class=\"elementor-divider\">\n\t\t\t<span class=\"elementor-divider-separator\">\n\t\t\t\t\t\t<\/span>\n\t\t<\/div>\n\t\t\t\t\t\t<\/div>\n\t\t\t\t<\/div>\n\t\t\t\t<div class=\"elementor-element elementor-element-ddc849b elementor-widget elementor-widget-spacer\" data-id=\"ddc849b\" data-element_type=\"widget\" data-e-type=\"widget\" data-widget_type=\"spacer.default\">\n\t\t\t\t<div class=\"elementor-widget-container\">\n\t\t\t\t\t\t\t<div class=\"elementor-spacer\">\n\t\t\t<div class=\"elementor-spacer-inner\"><\/div>\n\t\t<\/div>\n\t\t\t\t\t\t<\/div>\n\t\t\t\t<\/div>\n\t\t\t\t<div class=\"elementor-element elementor-element-45b88e6 elementor-widget elementor-widget-text-editor\" data-id=\"45b88e6\" data-element_type=\"widget\" data-e-type=\"widget\" data-widget_type=\"text-editor.default\">\n\t\t\t\t<div class=\"elementor-widget-container\">\n\t\t\t\t\t\t\t\t\t<p><strong>Vous cherchez un service d\u2019\u00e9tat des lieux de confiance \u00e0 Soumagne ?<br><\/strong> Exxelim vous propose un accompagnement professionnel et impartial, essentiel pour une location sereine, qu\u2019il s\u2019agisse d\u2019un appartement, d\u2019une maison, ou d\u2019un bien commercial.<\/p>\t\t\t\t\t\t\t\t<\/div>\n\t\t\t\t<\/div>\n\t\t\t\t<div class=\"elementor-element elementor-element-fca0cd7 elementor-widget elementor-widget-heading\" data-id=\"fca0cd7\" data-element_type=\"widget\" data-e-type=\"widget\" data-widget_type=\"heading.default\">\n\t\t\t\t<div class=\"elementor-widget-container\">\n\t\t\t\t\t<h3 class=\"elementor-heading-title elementor-size-default\">Pourquoi Exxelim est votre expert d\u2019\u00e9tat des lieux \u00e0 Soumagne<\/h3>\t\t\t\t<\/div>\n\t\t\t\t<\/div>\n\t\t\t\t<div class=\"elementor-element elementor-element-85fae63 elementor-widget elementor-widget-text-editor\" data-id=\"85fae63\" data-element_type=\"widget\" data-e-type=\"widget\" data-widget_type=\"text-editor.default\">\n\t\t\t\t<div class=\"elementor-widget-container\">\n\t\t\t\t\t\t\t\t\t<p>Avec une connaissance approfondie du march\u00e9 immobilier de Soumagne et ses environs, Exxelim offre un service d\u2019\u00e9tat des lieux qui assure la tranquillit\u00e9 d\u2019esprit de toutes les parties. Nos experts sont form\u00e9s pour rep\u00e9rer chaque d\u00e9tail, fournissant une \u00e9valuation impartiale et document\u00e9e qui facilite la gestion locative.<\/p>\t\t\t\t\t\t\t\t<\/div>\n\t\t\t\t<\/div>\n\t\t\t\t<div class=\"elementor-element elementor-element-81a4941 elementor-widget elementor-widget-heading\" data-id=\"81a4941\" data-element_type=\"widget\" data-e-type=\"widget\" data-widget_type=\"heading.default\">\n\t\t\t\t<div class=\"elementor-widget-container\">\n\t\t\t\t\t<h3 class=\"elementor-heading-title elementor-size-default\">Nos services d\u2019\u00e9tats des lieux \u00e0 Soumagne<\/h3>\t\t\t\t<\/div>\n\t\t\t\t<\/div>\n\t\t\t\t<div class=\"elementor-element elementor-element-a0df85a elementor-widget elementor-widget-text-editor\" data-id=\"a0df85a\" data-element_type=\"widget\" data-e-type=\"widget\" data-widget_type=\"text-editor.default\">\n\t\t\t\t<div class=\"elementor-widget-container\">\n\t\t\t\t\t\t\t\t\t<ul><li><strong>Etat des lieux d&#8217;entr\u00e9e<\/strong> : avant de signer votre contrat de location, Exxelim r\u00e9alise un \u00e9tat des lieux d\u2019entr\u00e9e pour vous garantir une description pr\u00e9cise de l\u2019\u00e9tat initial du bien. Ce rapport devient la r\u00e9f\u00e9rence pour toute la dur\u00e9e de la location, vous prot\u00e9geant contre les litiges.<\/li><li><strong>Etat des lieux de sortie<\/strong> : lors de la fin d\u2019une location, notre service d\u2019\u00e9tat des lieux de sortie vous assure un rapport transparent sur l\u2019\u00e9tat du bien au moment de la restitution. Avec Exxelim, le retour du bien se fait en toute s\u00e9r\u00e9nit\u00e9, \u00e9vitant tout malentendu.<\/li><li><strong>Expertise immobili\u00e8re et \u00e9valuation<\/strong> : Exxelim propose \u00e9galement des services d\u2019\u00e9valuation immobili\u00e8re dans la r\u00e9gion de Soumagne. Nous vous offrons une estimation fiable pour toute vente, achat ou \u00e9valuation de patrimoine.<\/li><\/ul>\t\t\t\t\t\t\t\t<\/div>\n\t\t\t\t<\/div>\n\t\t\t\t<div class=\"elementor-element elementor-element-60c0e24 elementor-widget elementor-widget-heading\" data-id=\"60c0e24\" data-element_type=\"widget\" data-e-type=\"widget\" data-widget_type=\"heading.default\">\n\t\t\t\t<div class=\"elementor-widget-container\">\n\t\t\t\t\t<h3 class=\"elementor-heading-title elementor-size-default\">Les atouts de notre expertise pour vos \u00e9tats des lieux<\/h3>\t\t\t\t<\/div>\n\t\t\t\t<\/div>\n\t\t\t\t<div class=\"elementor-element elementor-element-266e110 elementor-widget elementor-widget-text-editor\" data-id=\"266e110\" data-element_type=\"widget\" data-e-type=\"widget\" data-widget_type=\"text-editor.default\">\n\t\t\t\t<div class=\"elementor-widget-container\">\n\t\t\t\t\t\t\t\t\t<ul><li><strong>Rapidit\u00e9 et flexibilit\u00e9<\/strong> : Nous nous adaptons \u00e0 vos horaires pour que les \u00e9tats des lieux s\u2019int\u00e8grent facilement \u00e0 votre emploi du temps.<\/li><li><strong>Transparence et impartialit\u00e9<\/strong> : Avec Exxelim, vous b\u00e9n\u00e9ficiez d\u2019un rapport d\u2019\u00e9tat des lieux rigoureusement document\u00e9, en toute impartialit\u00e9.<\/li><li><strong>Accompagnement personnalis\u00e9<\/strong> : Nos experts r\u00e9pondent \u00e0 vos questions et vous guident \u00e0 chaque \u00e9tape du processus.<\/li><\/ul><p>\u00a0<\/p>\t\t\t\t\t\t\t\t<\/div>\n\t\t\t\t<\/div>\n\t\t\t\t<div class=\"elementor-element elementor-element-acedc0f elementor-widget elementor-widget-heading\" data-id=\"acedc0f\" data-element_type=\"widget\" data-e-type=\"widget\" data-widget_type=\"heading.default\">\n\t\t\t\t<div class=\"elementor-widget-container\">\n\t\t\t\t\t<h3 class=\"elementor-heading-title elementor-size-default\">T\u00e9moignages de nos clients \u00e0 Soumagne<\/h3>\t\t\t\t<\/div>\n\t\t\t\t<\/div>\n\t\t\t\t<div class=\"elementor-element elementor-element-fb40afd elementor-widget elementor-widget-text-editor\" data-id=\"fb40afd\" data-element_type=\"widget\" data-e-type=\"widget\" data-widget_type=\"text-editor.default\">\n\t\t\t\t<div class=\"elementor-widget-container\">\n\t\t\t\t\t\t\t\t\t<div class=\"rooNW\"><span class=\"Vz1Vkc\">&#8220;Je suis ravie du professionnalisme et de la qualit\u00e9 de l \u00e9tat des lieux qui nous a \u00e9t\u00e9 transmis. C \u00e9tait ma premi\u00e8re exp\u00e9rience en tant que bailleur et l&#8217;accompagnement de Monsieur Tombu m a vraiment facilit\u00e9 les choses. Je recommande Exxelim.<\/span><em>&#8220;<\/em> \u2014 [<a href=\"https:\/\/g.co\/kgs\/C818W2v\" target=\"_blank\" rel=\"noopener\">C\u00e9line FOCANT<\/a>]<\/div><div>\u00a0<\/div><p><em>&#8220;Je recommande vivement cette soci\u00e9t\u00e9 d&#8217;expertise en immobilier. Exxelim est intervenu dans le cadre d&#8217;un \u00e9tat des lieux de sortie peu conventionnel et probl\u00e9matique. L&#8217;expert sur les lieux a pu finaliser cette op\u00e9ration avec rapidit\u00e9, courtoisie, calme et efficacit\u00e9. Nous avons \u00e9galement un rapport complet et d\u00e9taill\u00e9. Bon rapport qualit\u00e9 prix. Merci infiniment et au plaisir&#8221;<\/em> \u2014 [<a href=\"https:\/\/g.co\/kgs\/hFxZ7Lb\" target=\"_blank\" rel=\"noopener\">Belayachi Sana\u00e2<\/a>]<\/p>\t\t\t\t\t\t\t\t<\/div>\n\t\t\t\t<\/div>\n\t\t\t\t<div class=\"elementor-element elementor-element-0aa58ed elementor-widget elementor-widget-heading\" data-id=\"0aa58ed\" data-element_type=\"widget\" data-e-type=\"widget\" data-widget_type=\"heading.default\">\n\t\t\t\t<div class=\"elementor-widget-container\">\n\t\t\t\t\t<h3 class=\"elementor-heading-title elementor-size-default\">Vos questions sur les \u00e9tats des lieux \u00e0 Soumagne<\/h3>\t\t\t\t<\/div>\n\t\t\t\t<\/div>\n\t\t\t\t<div class=\"elementor-element elementor-element-0e1e146 elementor-widget elementor-widget-text-editor\" data-id=\"0e1e146\" data-element_type=\"widget\" data-e-type=\"widget\" data-widget_type=\"text-editor.default\">\n\t\t\t\t<div class=\"elementor-widget-container\">\n\t\t\t\t\t\t\t\t\t<div class=\"rooNW\"><p><strong>Quels sont les frais d\u2019un \u00e9tat des lieux ?<\/strong><br \/>Les co\u00fbts d\u2019un \u00e9tat des lieux varient en fonction de la taille du bien et de la complexit\u00e9 de la mission. Contactez-nous pour un devis personnalis\u00e9.<\/p><p><strong>Combien de temps dure un \u00e9tat des lieux ?<\/strong><br \/>En moyenne, un \u00e9tat des lieux prend entre une et deux heures, mais cela peut varier selon les caract\u00e9ristiques du bien.<\/p><p>\u00a0<\/p><\/div>\t\t\t\t\t\t\t\t<\/div>\n\t\t\t\t<\/div>\n\t\t\t\t<div class=\"elementor-element elementor-element-c5991d5 elementor-widget elementor-widget-heading\" data-id=\"c5991d5\" data-element_type=\"widget\" data-e-type=\"widget\" data-widget_type=\"heading.default\">\n\t\t\t\t<div class=\"elementor-widget-container\">\n\t\t\t\t\t<h3 class=\"elementor-heading-title elementor-size-default\">Contactez-nous pour votre \u00e9tat des lieux \u00e0 Soumagne<\/h3>\t\t\t\t<\/div>\n\t\t\t\t<\/div>\n\t\t\t\t<div class=\"elementor-element elementor-element-d9d6c6f elementor-widget elementor-widget-text-editor\" data-id=\"d9d6c6f\" data-element_type=\"widget\" data-e-type=\"widget\" data-widget_type=\"text-editor.default\">\n\t\t\t\t<div class=\"elementor-widget-container\">\n\t\t\t\t\t\t\t\t\t<div>\n<p>N\u2019attendez plus pour assurer une transaction locative sereine. Notre \u00e9quipe est \u00e0 votre disposition pour r\u00e9pondre \u00e0 toutes vos questions et vous offrir un service sur mesure. Contactez-nous d\u00e8s aujourd\u2019hui !<\/p>\n<p>\ud83d\udcde <strong>T\u00e9l\u00e9phone<\/strong> : +32&nbsp;470 11 10 20<br>\ud83d\udce7 <strong>E-mail<\/strong> : info@exxelim.be<br>\ud83d\udccd <strong>Service de proximit\u00e9<\/strong> : Nous intervenons \u00e0 Soumagne et dans la province de Li\u00e8ge pour tous types d\u2019\u00e9tats des lieux et expertises immobili\u00e8res.<\/p>\n<\/div>\t\t\t\t\t\t\t\t<\/div>\n\t\t\t\t<\/div>\n\t\t\t\t\t<\/div>\n\t\t<\/div>\n\t\t\t\t\t<\/div>\n\t\t<\/section>\n\t\t\t\t<section class=\"elementor-section elementor-top-section elementor-element elementor-element-5ecba3b elementor-section-boxed elementor-section-height-default elementor-section-height-default\" data-id=\"5ecba3b\" data-element_type=\"section\" data-e-type=\"section\">\n\t\t\t\t\t\t<div class=\"elementor-container elementor-column-gap-default\">\n\t\t\t\t\t<div class=\"elementor-column elementor-col-100 elementor-top-column elementor-element elementor-element-8ee8b51\" data-id=\"8ee8b51\" data-element_type=\"column\" data-e-type=\"column\">\n\t\t\t<div class=\"elementor-widget-wrap elementor-element-populated\">\n\t\t\t\t\t\t<div class=\"elementor-element elementor-element-687a877 elementor-widget elementor-widget-heading\" data-id=\"687a877\" data-element_type=\"widget\" data-e-type=\"widget\" data-widget_type=\"heading.default\">\n\t\t\t\t<div class=\"elementor-widget-container\">\n\t\t\t\t\t<h3 class=\"elementor-heading-title elementor-size-default\">Nos services<\/h3>\t\t\t\t<\/div>\n\t\t\t\t<\/div>\n\t\t\t\t<div class=\"elementor-element elementor-element-65c3250 elementor-widget-divider--view-line elementor-widget elementor-widget-divider\" data-id=\"65c3250\" data-element_type=\"widget\" data-e-type=\"widget\" data-widget_type=\"divider.default\">\n\t\t\t\t<div class=\"elementor-widget-container\">\n\t\t\t\t\t\t\t<div class=\"elementor-divider\">\n\t\t\t<span class=\"elementor-divider-separator\">\n\t\t\t\t\t\t<\/span>\n\t\t<\/div>\n\t\t\t\t\t\t<\/div>\n\t\t\t\t<\/div>\n\t\t\t\t\t<\/div>\n\t\t<\/div>\n\t\t\t\t\t<\/div>\n\t\t<\/section>\n\t\t\t\t<section class=\"elementor-section elementor-top-section elementor-element elementor-element-dc9f8ee elementor-section-boxed elementor-section-height-default elementor-section-height-default\" data-id=\"dc9f8ee\" data-element_type=\"section\" data-e-type=\"section\">\n\t\t\t\t\t\t<div class=\"elementor-container elementor-column-gap-default\">\n\t\t\t\t\t<div class=\"elementor-column elementor-col-100 elementor-top-column elementor-element elementor-element-38d9062\" data-id=\"38d9062\" data-element_type=\"column\" data-e-type=\"column\">\n\t\t\t<div class=\"elementor-widget-wrap elementor-element-populated\">\n\t\t\t\t\t\t<section class=\"elementor-section elementor-inner-section elementor-element elementor-element-9452c59 elementor-section-boxed elementor-section-height-default elementor-section-height-default\" data-id=\"9452c59\" data-element_type=\"section\" data-e-type=\"section\" data-settings=\"{&quot;background_background&quot;:&quot;classic&quot;}\">\n\t\t\t\t\t\t<div class=\"elementor-container elementor-column-gap-no\">\n\t\t\t\t\t<div class=\"elementor-column elementor-col-33 elementor-inner-column elementor-element elementor-element-d995e2b\" data-id=\"d995e2b\" data-element_type=\"column\" data-e-type=\"column\" data-settings=\"{&quot;background_background&quot;:&quot;classic&quot;}\">\n\t\t\t<div class=\"elementor-widget-wrap elementor-element-populated\">\n\t\t\t\t\t\t<div class=\"elementor-element elementor-element-b2a4bdf elementor-widget elementor-widget-image\" data-id=\"b2a4bdf\" data-element_type=\"widget\" data-e-type=\"widget\" data-widget_type=\"image.default\">\n\t\t\t\t<div class=\"elementor-widget-container\">\n\t\t\t\t\t\t\t\t\t\t\t\t\t\t\t<img decoding=\"async\" src=\"https:\/\/exxelim.be\/wp-content\/uploads\/elementor\/thumbs\/pO5XQJc-p45g8pg2jx6wvc5x3f0sdql97c35ktj8tlovt6ih14.jpeg\" title=\"pO5XQJc\" alt=\"pO5XQJc\" loading=\"lazy\" \/>\t\t\t\t\t\t\t\t\t\t\t\t\t\t\t<\/div>\n\t\t\t\t<\/div>\n\t\t\t\t<div class=\"elementor-element elementor-element-17b81ef elementor-widget elementor-widget-heading\" data-id=\"17b81ef\" data-element_type=\"widget\" data-e-type=\"widget\" data-widget_type=\"heading.default\">\n\t\t\t\t<div class=\"elementor-widget-container\">\n\t\t\t\t\t<h3 class=\"elementor-heading-title elementor-size-large\">Etats des lieux locatifs d'entr\u00e9e &amp; de sortie<\/h3>\t\t\t\t<\/div>\n\t\t\t\t<\/div>\n\t\t\t\t<div class=\"elementor-element elementor-element-053fd94 elementor-widget-divider--view-line elementor-widget elementor-widget-divider\" data-id=\"053fd94\" data-element_type=\"widget\" data-e-type=\"widget\" data-widget_type=\"divider.default\">\n\t\t\t\t<div class=\"elementor-widget-container\">\n\t\t\t\t\t\t\t<div class=\"elementor-divider\">\n\t\t\t<span class=\"elementor-divider-separator\">\n\t\t\t\t\t\t<\/span>\n\t\t<\/div>\n\t\t\t\t\t\t<\/div>\n\t\t\t\t<\/div>\n\t\t\t\t<div class=\"elementor-element elementor-element-4039754 elementor-align-center elementor-widget elementor-widget-button\" data-id=\"4039754\" data-element_type=\"widget\" data-e-type=\"widget\" data-widget_type=\"button.default\">\n\t\t\t\t<div class=\"elementor-widget-container\">\n\t\t\t\t\t\t\t\t\t<div class=\"elementor-button-wrapper\">\n\t\t\t\t\t<a class=\"elementor-button elementor-button-link elementor-size-sm\" href=\"https:\/\/exxelim.be\/index.php\/etats-des-lieux-locatifs\/\">\n\t\t\t\t\t\t<span class=\"elementor-button-content-wrapper\">\n\t\t\t\t\t\t\t\t\t<span class=\"elementor-button-text\">En savoir plus<\/span>\n\t\t\t\t\t<\/span>\n\t\t\t\t\t<\/a>\n\t\t\t\t<\/div>\n\t\t\t\t\t\t\t\t<\/div>\n\t\t\t\t<\/div>\n\t\t\t\t<div class=\"elementor-element elementor-element-b0ea062 elementor-widget elementor-widget-spacer\" data-id=\"b0ea062\" data-element_type=\"widget\" data-e-type=\"widget\" data-widget_type=\"spacer.default\">\n\t\t\t\t<div class=\"elementor-widget-container\">\n\t\t\t\t\t\t\t<div class=\"elementor-spacer\">\n\t\t\t<div class=\"elementor-spacer-inner\"><\/div>\n\t\t<\/div>\n\t\t\t\t\t\t<\/div>\n\t\t\t\t<\/div>\n\t\t\t\t\t<\/div>\n\t\t<\/div>\n\t\t\t\t<div class=\"elementor-column elementor-col-33 elementor-inner-column elementor-element elementor-element-271efda\" data-id=\"271efda\" data-element_type=\"column\" data-e-type=\"column\" data-settings=\"{&quot;background_background&quot;:&quot;classic&quot;}\">\n\t\t\t<div class=\"elementor-widget-wrap elementor-element-populated\">\n\t\t\t\t\t\t<div class=\"elementor-element elementor-element-c64232a elementor-widget elementor-widget-image\" data-id=\"c64232a\" data-element_type=\"widget\" data-e-type=\"widget\" data-widget_type=\"image.default\">\n\t\t\t\t<div class=\"elementor-widget-container\">\n\t\t\t\t\t\t\t\t\t\t\t\t\t\t\t<img decoding=\"async\" src=\"https:\/\/exxelim.be\/wp-content\/uploads\/elementor\/thumbs\/7WQUo9o-p45g8oi8d35mjq7a8wm5t8tsly7sd4fihh1ebwjv7c.jpeg\" title=\"7WQUo9o\" alt=\"7WQUo9o\" loading=\"lazy\" \/>\t\t\t\t\t\t\t\t\t\t\t\t\t\t\t<\/div>\n\t\t\t\t<\/div>\n\t\t\t\t<div class=\"elementor-element elementor-element-4f77e95 elementor-widget elementor-widget-heading\" data-id=\"4f77e95\" data-element_type=\"widget\" data-e-type=\"widget\" data-widget_type=\"heading.default\">\n\t\t\t\t<div class=\"elementor-widget-container\">\n\t\t\t\t\t<h3 class=\"elementor-heading-title elementor-size-large\">Evaluation &amp; expertise mmobili\u00e8re<\/h3>\t\t\t\t<\/div>\n\t\t\t\t<\/div>\n\t\t\t\t<div class=\"elementor-element elementor-element-6f1debc elementor-widget-divider--view-line elementor-widget elementor-widget-divider\" data-id=\"6f1debc\" data-element_type=\"widget\" data-e-type=\"widget\" data-widget_type=\"divider.default\">\n\t\t\t\t<div class=\"elementor-widget-container\">\n\t\t\t\t\t\t\t<div class=\"elementor-divider\">\n\t\t\t<span class=\"elementor-divider-separator\">\n\t\t\t\t\t\t<\/span>\n\t\t<\/div>\n\t\t\t\t\t\t<\/div>\n\t\t\t\t<\/div>\n\t\t\t\t<div class=\"elementor-element elementor-element-c441351 elementor-align-center elementor-widget elementor-widget-button\" data-id=\"c441351\" data-element_type=\"widget\" data-e-type=\"widget\" data-widget_type=\"button.default\">\n\t\t\t\t<div class=\"elementor-widget-container\">\n\t\t\t\t\t\t\t\t\t<div class=\"elementor-button-wrapper\">\n\t\t\t\t\t<a class=\"elementor-button elementor-button-link elementor-size-sm\" href=\"https:\/\/exxelim.be\/index.php\/expertise-immobiliere-bancaire\/\">\n\t\t\t\t\t\t<span class=\"elementor-button-content-wrapper\">\n\t\t\t\t\t\t\t\t\t<span class=\"elementor-button-text\">En savoir plus<\/span>\n\t\t\t\t\t<\/span>\n\t\t\t\t\t<\/a>\n\t\t\t\t<\/div>\n\t\t\t\t\t\t\t\t<\/div>\n\t\t\t\t<\/div>\n\t\t\t\t<div class=\"elementor-element elementor-element-fe47203 elementor-widget elementor-widget-spacer\" data-id=\"fe47203\" data-element_type=\"widget\" data-e-type=\"widget\" data-widget_type=\"spacer.default\">\n\t\t\t\t<div class=\"elementor-widget-container\">\n\t\t\t\t\t\t\t<div class=\"elementor-spacer\">\n\t\t\t<div class=\"elementor-spacer-inner\"><\/div>\n\t\t<\/div>\n\t\t\t\t\t\t<\/div>\n\t\t\t\t<\/div>\n\t\t\t\t\t<\/div>\n\t\t<\/div>\n\t\t\t\t<div class=\"elementor-column elementor-col-33 elementor-inner-column elementor-element elementor-element-c58135f elementor-hidden-phone\" data-id=\"c58135f\" data-element_type=\"column\" data-e-type=\"column\" data-settings=\"{&quot;background_background&quot;:&quot;classic&quot;}\">\n\t\t\t<div class=\"elementor-widget-wrap elementor-element-populated\">\n\t\t\t\t\t\t<div class=\"elementor-element elementor-element-2d25102 elementor-widget elementor-widget-image\" data-id=\"2d25102\" data-element_type=\"widget\" data-e-type=\"widget\" data-widget_type=\"image.default\">\n\t\t\t\t<div class=\"elementor-widget-container\">\n\t\t\t\t\t\t\t\t\t\t\t\t\t\t\t<img decoding=\"async\" src=\"https:\/\/exxelim.be\/wp-content\/uploads\/elementor\/thumbs\/BAT009-1440x560-1-p49dh1afzr96n0w56n9sy84s5e2s1kyuup05xlxeig.jpg\" title=\"BAT009-1440&#215;560\" alt=\"BAT009-1440x560\" loading=\"lazy\" \/>\t\t\t\t\t\t\t\t\t\t\t\t\t\t\t<\/div>\n\t\t\t\t<\/div>\n\t\t\t\t<div class=\"elementor-element elementor-element-b01eb4b elementor-widget elementor-widget-heading\" data-id=\"b01eb4b\" data-element_type=\"widget\" data-e-type=\"widget\" data-widget_type=\"heading.default\">\n\t\t\t\t<div class=\"elementor-widget-container\">\n\t\t\t\t\t<h3 class=\"elementor-heading-title elementor-size-large\"><a href=\"https:\/\/exxelim.be\/index.php\/expertise-technique-et-pathologique\/\">Expertise sinistre et calamit\u00e9<\/a><\/h3>\t\t\t\t<\/div>\n\t\t\t\t<\/div>\n\t\t\t\t<div class=\"elementor-element elementor-element-efd64ae elementor-widget-divider--view-line elementor-widget elementor-widget-divider\" data-id=\"efd64ae\" data-element_type=\"widget\" data-e-type=\"widget\" data-widget_type=\"divider.default\">\n\t\t\t\t<div class=\"elementor-widget-container\">\n\t\t\t\t\t\t\t<div class=\"elementor-divider\">\n\t\t\t<span class=\"elementor-divider-separator\">\n\t\t\t\t\t\t<\/span>\n\t\t<\/div>\n\t\t\t\t\t\t<\/div>\n\t\t\t\t<\/div>\n\t\t\t\t<div class=\"elementor-element elementor-element-bf53c7f elementor-align-center elementor-widget elementor-widget-button\" data-id=\"bf53c7f\" data-element_type=\"widget\" data-e-type=\"widget\" data-widget_type=\"button.default\">\n\t\t\t\t<div class=\"elementor-widget-container\">\n\t\t\t\t\t\t\t\t\t<div class=\"elementor-button-wrapper\">\n\t\t\t\t\t<a class=\"elementor-button elementor-button-link elementor-size-sm\" href=\"http:\/\/info@exxelim.be\">\n\t\t\t\t\t\t<span class=\"elementor-button-content-wrapper\">\n\t\t\t\t\t\t\t\t\t<span class=\"elementor-button-text\">Contactez nous<\/span>\n\t\t\t\t\t<\/span>\n\t\t\t\t\t<\/a>\n\t\t\t\t<\/div>\n\t\t\t\t\t\t\t\t<\/div>\n\t\t\t\t<\/div>\n\t\t\t\t\t<\/div>\n\t\t<\/div>\n\t\t\t\t\t<\/div>\n\t\t<\/section>\n\t\t\t\t\t<\/div>\n\t\t<\/div>\n\t\t\t\t\t<\/div>\n\t\t<\/section>\n\t\t\t\t<\/div>\n\t\t","protected":false},"excerpt":{"rendered":"<p>Expert \u00c9tats des Lieux \u00e0 Soumagne Expert \u00c9tats des Lieux \u00e0 Soumagne Vous cherchez un service d\u2019\u00e9tat des lieux de confiance \u00e0 Soumagne ? Exxelim vous propose un accompagnement professionnel et impartial, essentiel pour une location sereine, qu\u2019il s\u2019agisse d\u2019un appartement, d\u2019une maison, ou d\u2019un bien commercial. Pourquoi Exxelim est votre expert d\u2019\u00e9tat des lieux [&hellip;]<\/p>\n","protected":false},"author":1,"featured_media":0,"parent":0,"menu_order":0,"comment_status":"closed","ping_status":"closed","template":"elementor_header_footer","meta":{"footnotes":""},"folder":[],"class_list":["post-2555","page","type-page","status-publish","hentry"],"aioseo_notices":[],"_links":{"self":[{"href":"https:\/\/exxelim.be\/index.php\/wp-json\/wp\/v2\/pages\/2555"}],"collection":[{"href":"https:\/\/exxelim.be\/index.php\/wp-json\/wp\/v2\/pages"}],"about":[{"href":"https:\/\/exxelim.be\/index.php\/wp-json\/wp\/v2\/types\/page"}],"author":[{"embeddable":true,"href":"https:\/\/exxelim.be\/index.php\/wp-json\/wp\/v2\/users\/1"}],"replies":[{"embeddable":true,"href":"https:\/\/exxelim.be\/index.php\/wp-json\/wp\/v2\/comments?post=2555"}],"version-history":[{"count":16,"href":"https:\/\/exxelim.be\/index.php\/wp-json\/wp\/v2\/pages\/2555\/revisions"}],"predecessor-version":[{"id":2605,"href":"https:\/\/exxelim.be\/index.php\/wp-json\/wp\/v2\/pages\/2555\/revisions\/2605"}],"wp:attachment":[{"href":"https:\/\/exxelim.be\/index.php\/wp-json\/wp\/v2\/media?parent=2555"}],"wp:term":[{"taxonomy":"folder","embeddable":true,"href":"https:\/\/exxelim.be\/index.php\/wp-json\/wp\/v2\/folder?post=2555"}],"curies":[{"name":"wp","href":"https:\/\/api.w.org\/{rel}","templated":true}]}}